{"id":155,"date":"2026-04-14T10:23:29","date_gmt":"2026-04-14T10:23:29","guid":{"rendered":"https:\/\/compracerta.fit\/?page_id=155"},"modified":"2026-04-14T11:33:03","modified_gmt":"2026-04-14T11:33:03","slug":"longhai-stepdow","status":"publish","type":"page","link":"https:\/\/compracerta.fit\/?page_id=155","title":{"rendered":"LONGHAI-STEPDOW"},"content":{"rendered":"\t\t<div data-elementor-type=\"wp-page\" data-elementor-id=\"155\" class=\"elementor elementor-155\">\n\t\t\t\t<div class=\"elementor-element elementor-element-652676 e-flex e-con-boxed e-con e-parent\" data-id=\"652676\" data-element_type=\"container\" data-e-type=\"container\" data-settings=\"{&quot;background_background&quot;:&quot;classic&quot;}\">\n\t\t\t\t\t<div class=\"e-con-inner\">\n\t\t\t\t<div class=\"elementor-element elementor-element-4643968b elementor-widget elementor-widget-heading\" data-id=\"4643968b\" data-element_type=\"widget\" data-e-type=\"widget\" data-widget_type=\"heading.default\">\n\t\t\t\t\t<h2 class=\"elementor-heading-title elementor-size-default\"><img decoding=\"async\" role=\"img\" class=\"emoji\" alt=\"\ud83d\udd25\" src=\"https:\/\/s.w.org\/images\/core\/emoji\/17.0.2\/svg\/1f525.svg\"> Press\u00e3o Alta N\u00e3o Espera  <br>Resolva Isso Hoje<\/h2>\t\t\t\t<\/div>\n\t\t\t\t<div class=\"elementor-element elementor-element-41864041 elementor-widget elementor-widget-text-editor\" data-id=\"41864041\" data-element_type=\"widget\" data-e-type=\"widget\" data-widget_type=\"text-editor.default\">\n\t\t\t\t\t\t\t\t\t<p>N\u00e3o \u00e9 apenas um produto, \u00e9 uma solu\u00e7\u00e3o de alto padr\u00e3o para o seu dia a dia.<\/p>\t\t\t\t\t\t\t\t<\/div>\n\t\t\t\t\t<\/div>\n\t\t\t\t<\/div>\n\t\t<div class=\"elementor-element elementor-element-5f89e03 e-flex e-con-boxed e-con e-parent\" data-id=\"5f89e03\" data-element_type=\"container\" data-e-type=\"container\">\n\t\t\t\t\t<div class=\"e-con-inner\">\n\t\t\t\t<div class=\"elementor-element elementor-element-259707e elementor-widget elementor-widget-html\" data-id=\"259707e\" data-element_type=\"widget\" data-e-type=\"widget\" data-widget_type=\"html.default\">\n\t\t\t\t\t<vturb-smartplayer id=\"vid-69de20dc00f23bcc1850ec5d\" style=\"display: block; margin: 0 auto; width: 100%; \"><\/vturb-smartplayer> <script type=\"text\/javascript\"> var s=document.createElement(\"script\"); s.src=\"https:\/\/scripts.converteai.net\/d0824394-deee-4a19-a219-614f16991c80\/players\/69de20dc00f23bcc1850ec5d\/v4\/player.js\", s.async=!0,document.head.appendChild(s); <\/script>\t\t\t\t<\/div>\n\t\t\t\t\t<\/div>\n\t\t\t\t<\/div>\n\t\t<div class=\"elementor-element elementor-element-4237d4f5 e-flex e-con-boxed e-con e-parent\" data-id=\"4237d4f5\" data-element_type=\"container\" data-e-type=\"container\" data-settings=\"{&quot;background_background&quot;:&quot;classic&quot;}\">\n\t\t\t\t\t<div class=\"e-con-inner\">\n\t\t\t\t<div class=\"elementor-element elementor-element-21c487c4 elementor-widget elementor-widget-text-editor\" data-id=\"21c487c4\" data-element_type=\"widget\" data-e-type=\"widget\" data-widget_type=\"text-editor.default\">\n\t\t\t\t\t\t\t\t\t<p data-start=\"292\" data-end=\"681\"><strong data-start=\"292\" data-end=\"329\">Compromisso com a sua Privacidade<\/strong><br data-start=\"329\" data-end=\"332\" \/>Na <strong data-start=\"337\" data-end=\"353\">Compra Certa<\/strong>, a sua confian\u00e7a \u00e9 a nossa prioridade. Estamos comprometidos em proteger os seus dados pessoais e utiliz\u00e1-los apenas para garantir uma experi\u00eancia de compra segura, eficiente e personalizada. Todas as informa\u00e7\u00f5es fornecidas s\u00e3o tratadas com confidencialidade e de acordo com as boas pr\u00e1ticas de seguran\u00e7a e prote\u00e7\u00e3o de dados.<\/p><p data-start=\"688\" data-end=\"906\">Ao utilizar o nosso site, voc\u00ea concorda com os termos desta Pol\u00edtica de Privacidade. Caso tenha qualquer d\u00favida ou solicita\u00e7\u00e3o relacionada aos seus dados, a nossa equipa de suporte est\u00e1 sempre dispon\u00edvel para ajudar.<\/p><p data-start=\"913\" data-end=\"969\"><strong data-start=\"913\" data-end=\"969\">Compra Certa \u2013 Seguran\u00e7a e confian\u00e7a em cada compra.<\/strong><\/p>\t\t\t\t\t\t\t\t<\/div>\n\t\t\t\t<div class=\"elementor-element elementor-element-d108a54 elementor-widget elementor-widget-html\" data-id=\"d108a54\" data-element_type=\"widget\" data-e-type=\"widget\" data-widget_type=\"html.default\">\n\t\t\t\t\t<!-- Meta Pixel Code -->\n<script>\n!function(f,b,e,v,n,t,s)\n{if(f.fbq)return;n=f.fbq=function(){n.callMethod?\nn.callMethod.apply(n,arguments):n.queue.push(arguments)};\nif(!f._fbq)f._fbq=n;n.push=n;n.loaded=!0;n.version='2.0';\nn.queue=[];t=b.createElement(e);t.async=!0;\nt.src=v;s=b.getElementsByTagName(e)[0];\ns.parentNode.insertBefore(t,s)}(window, document,'script',\n'https:\/\/connect.facebook.net\/en_US\/fbevents.js');\nfbq('init', '4328077630767855');\nfbq('track', 'PageView');\n<\/script>\n<noscript><img height=\"1\" width=\"1\" style=\"display:none\"\nsrc=\"https:\/\/www.facebook.com\/tr?id=4328077630767855&ev=PageView&noscript=1\"\n\/><\/noscript>\n<!-- End Meta Pixel Code -->\t\t\t\t<\/div>\n\t\t\t\t\t<\/div>\n\t\t\t\t<\/div>\n\t\t\t\t<\/div>\n\t\t","protected":false},"excerpt":{"rendered":"<p>Press\u00e3o Alta N\u00e3o Espera Resolva Isso Hoje N\u00e3o \u00e9 apenas um produto, \u00e9 uma solu\u00e7\u00e3o de alto padr\u00e3o para o seu dia a dia. Compromisso com a sua PrivacidadeNa Compra Certa, a sua confian\u00e7a \u00e9 a nossa prioridade. Estamos comprometidos em proteger os seus dados pessoais e utiliz\u00e1-los apenas para garantir uma experi\u00eancia de compra [&hellip;]<\/p>\n","protected":false},"author":1,"featured_media":0,"parent":0,"menu_order":0,"comment_status":"closed","ping_status":"closed","template":"elementor_canvas","meta":{"footnotes":""},"class_list":["post-155","page","type-page","status-publish","hentry"],"_links":{"self":[{"href":"https:\/\/compracerta.fit\/index.php?rest_route=\/wp\/v2\/pages\/155","targetHints":{"allow":["GET"]}}],"collection":[{"href":"https:\/\/compracerta.fit\/index.php?rest_route=\/wp\/v2\/pages"}],"about":[{"href":"https:\/\/compracerta.fit\/index.php?rest_route=\/wp\/v2\/types\/page"}],"author":[{"embeddable":true,"href":"https:\/\/compracerta.fit\/index.php?rest_route=\/wp\/v2\/users\/1"}],"replies":[{"embeddable":true,"href":"https:\/\/compracerta.fit\/index.php?rest_route=%2Fwp%2Fv2%2Fcomments&post=155"}],"version-history":[{"count":6,"href":"https:\/\/compracerta.fit\/index.php?rest_route=\/wp\/v2\/pages\/155\/revisions"}],"predecessor-version":[{"id":206,"href":"https:\/\/compracerta.fit\/index.php?rest_route=\/wp\/v2\/pages\/155\/revisions\/206"}],"wp:attachment":[{"href":"https:\/\/compracerta.fit\/index.php?rest_route=%2Fwp%2Fv2%2Fmedia&parent=155"}],"curies":[{"name":"wp","href":"https:\/\/api.w.org\/{rel}","templated":true}]}}